{"id":37,"date":"2023-02-23T10:01:47","date_gmt":"2023-02-23T10:01:47","guid":{"rendered":"https:\/\/duhovnoizpopolnjevanje.si\/?page_id=37"},"modified":"2023-03-22T08:35:05","modified_gmt":"2023-03-22T08:35:05","slug":"alumni","status":"publish","type":"page","link":"https:\/\/duhovnoizpopolnjevanje.si\/index.php\/alumni\/","title":{"rendered":"Alumni"},"content":{"rendered":"\n<p><em>\u0160tudijski program Duhovno izpopolnjevanje se je za\u010del izvajati leta 2010. Od takrat dalje se je vpisalo od 10 do 15 slu\u0161ateljev na leto. Vsi, ki so zaklju\u010dili program, so vklju\u010deni med alumne. Zanje se vsako leto organizira\u00a0 skupno sre\u010danje. Nekateri letniki so se tudi bolj povezali med seboj in se sre\u010dujejo. Kdor \u017eeli, se lahko\u00a0 \u0161e naprej izobra\u017euje na razli\u010dnih podro\u010djih duhovne pomo\u010di in sodeluje pri\u00a0 duhovnih programih v okviru Ignacijevega doma duhovnosti ali drugih ustanov.<\/em><\/p>\n\n\n<div class=\"root-eb-post-grid-9cyr9fg wp-block-essential-blocks-post-grid\">\n    <div class=\"eb-parent-wrapper eb-parent-eb-post-grid-9cyr9fg \">\n        <div class=\"eb-post-grid-9cyr9fg style-1 eb-post-grid-wrapper\"\n            data-id=\"eb-post-grid-9cyr9fg\"\n            data-querydata=\"{&quot;source&quot;:&quot;post&quot;,&quot;sourceIndex&quot;:0,&quot;rest_base&quot;:&quot;posts&quot;,&quot;rest_namespace&quot;:&quot;wp\\\/v2&quot;,&quot;author&quot;:&quot;&quot;,&quot;taxonomies&quot;:{&quot;category&quot;:{&quot;name&quot;:&quot;Kategorije&quot;,&quot;rest_base&quot;:&quot;categories&quot;,&quot;rest_namespace&quot;:&quot;wp\\\/v2&quot;,&quot;slug&quot;:&quot;category&quot;,&quot;value&quot;:&quot;[{\\&quot;value\\&quot;:4,\\&quot;label\\&quot;:\\&quot;Alumni\\&quot;}]&quot;}},&quot;per_page&quot;:&quot;4&quot;,&quot;offset&quot;:&quot;0&quot;,&quot;orderby&quot;:&quot;date&quot;,&quot;order&quot;:&quot;desc&quot;,&quot;include&quot;:&quot;&quot;,&quot;exclude&quot;:&quot;&quot;,&quot;exclude_current&quot;:false}\"\n            data-attributes=\"{&quot;thumbnailSize&quot;:&quot;&quot;,&quot;loadMoreOptions&quot;:{&quot;enableMorePosts&quot;:true,&quot;loadMoreType&quot;:&quot;2&quot;,&quot;loadMoreButtonTxt&quot;:&quot;Load More&quot;,&quot;alignment&quot;:&quot;left&quot;,&quot;prevTxt&quot;:&quot;&lt;&quot;,&quot;nextTxt&quot;:&quot;&gt;&quot;,&quot;totalPosts&quot;:4},&quot;showSearch&quot;:false,&quot;showTaxonomyFilter&quot;:false,&quot;enableAjaxSearch&quot;:false,&quot;addIcon&quot;:false,&quot;iconPosition&quot;:&quot;left&quot;,&quot;icon&quot;:&quot;fas fa-chevron-right&quot;,&quot;preset&quot;:&quot;style-1&quot;,&quot;defaultFilter&quot;:&quot;all&quot;,&quot;version&quot;:&quot;&quot;,&quot;showBlockContent&quot;:true,&quot;showFallbackImg&quot;:false,&quot;fallbackImgUrl&quot;:&quot;&quot;,&quot;showThumbnail&quot;:false,&quot;showTitle&quot;:true,&quot;titleLength&quot;:&quot;&quot;,&quot;titleTag&quot;:&quot;h3&quot;,&quot;showContent&quot;:true,&quot;contentLength&quot;:92,&quot;expansionIndicator&quot;:&quot;...&quot;,&quot;showReadMore&quot;:true,&quot;readmoreText&quot;:&quot;Preberi ve\\u010d&quot;,&quot;showMeta&quot;:false,&quot;headerMeta&quot;:&quot;[{\\&quot;value\\&quot;:\\&quot;categories\\&quot;,\\&quot;label\\&quot;:\\&quot;Categories\\&quot;}]&quot;,&quot;footerMeta&quot;:&quot;[{\\&quot;value\\&quot;:\\&quot;avatar\\&quot;,\\&quot;label\\&quot;:\\&quot;Author Avatar\\&quot;},{\\&quot;value\\&quot;:\\&quot;author\\&quot;,\\&quot;label\\&quot;:\\&quot;Author Name\\&quot;},{\\&quot;value\\&quot;:\\&quot;date\\&quot;,\\&quot;label\\&quot;:\\&quot;Published Date\\&quot;}]&quot;,&quot;authorPrefix&quot;:&quot;by&quot;,&quot;datePrefix&quot;:&quot;on&quot;}\">\n\n            \n\n            <article class=\"ebpg-grid-post ebpg-post-grid-column\" data-id=\"249\"><div class=\"ebpg-grid-post-holder\"><div class=\"ebpg-entry-wrapper\"><header class=\"ebpg-entry-header\">\n            <h3 class=\"ebpg-entry-title\">\n                <a class=\"ebpg-grid-post-link\" href=\"https:\/\/duhovnoizpopolnjevanje.si\/index.php\/2023\/02\/26\/srecanje-alumnov-duhovnega-izpopolnjevanja-v-letu-2022\/\" title=\"sreanjealumnovduhovnegaizpopolnjevanjavletu2022\">Sre\u010danje alumnov Duhovnega izpopolnjevanja v letu 2022<\/a>\n            <\/h3>\n        <\/header><div class=\"ebpg-entry-content\"><div class=\"ebpg-grid-post-excerpt\">\n            <p>Na na\u0161em letnem sre\u010danjuna alumnov smo imeli prilo\u017enost prisluhniti javnemu nastopnemu predavanju ddr. Irene Avsenik Nabergoj ob izvolitvi v naziv redne profesorice za podro\u010dje religiologija in religijska antropologija. Spregovorila je o egiptovskem Jo\u017eefu (1 Mz 37\u201350) v medkulturnem in medreligijskem kontekstu. Zgodbo je \u0161e posebej analizirala z vidika \u010dustev. Predavanju (v \u017eivo in na daljavo) smo lahko prisluhnili tako alumni programa Duhovno izpopolnjevanje kot redni udele\u017eenci obeh letnikov, navzo\u010da pa sta bila tudi koordinator programa, doc. dr. Ivan Platovnjak in akademik ddr. Jo\u017ee Kra\u0161ovec. Predavateljica nam je v preprostem jeziku in ob&#8230;<\/p>\n        <\/div><div class=\"ebpg-readmore-btn\">\n            <a href=\"https:\/\/duhovnoizpopolnjevanje.si\/index.php\/2023\/02\/26\/srecanje-alumnov-duhovnega-izpopolnjevanja-v-letu-2022\/\"> Preberi ve\u010d <\/a>\n        <\/div><\/div><\/div><\/div><\/article><article class=\"ebpg-grid-post ebpg-post-grid-column\" data-id=\"56\"><div class=\"ebpg-grid-post-holder\"><div class=\"ebpg-entry-wrapper\"><header class=\"ebpg-entry-header\">\n            <h3 class=\"ebpg-entry-title\">\n                <a class=\"ebpg-grid-post-link\" href=\"https:\/\/duhovnoizpopolnjevanje.si\/index.php\/2021\/12\/23\/srecanje-alumnov-duhovnega-izpopolnjevanja-v-letu-2021\/\" title=\"sreanjealumnovduhovnegaizpopolnjevanjavletu2021\">Sre\u010danje alumnov Duhovnega izpopolnjevanja v letu 2021<\/a>\n            <\/h3>\n        <\/header><div class=\"ebpg-entry-content\"><div class=\"ebpg-grid-post-excerpt\">\n            <p>Leto\u0161nje sre\u010danje alumnov Duhovnega izpopolnjevanja je bilo\u00a0v sredo, 24. novembra 2021, ob 17.00\u00a0hkrati v \u017eivo v u\u010dilnici \u0161t. 1 na Teolo\u0161ki fakulteti in na daljavo po zoomu.\n\nPozdravu in uvodni molitvi je sledilo predavanje ddr. Stanka Gerjola\u00a0Duhovnost med individualnostjo in skupnostjo, temu pa pogovor v skupinah, nato poro\u010danje, odmevi in zahvale ter sklepna molitev.\n\nProfesor Gerjol je na za\u010detku izpostavil vpra\u0161anje, ali je duhovnost bolj \u010dustvena ali bolj razumska. Je preplet, vendar je \u010dustvena razse\u017enost pomembnej\u0161a, saj odlo\u010ditve sprejemamo bolj \u010dustveno, potem pa jih z razumom utemeljujemo, kajti razum na\u0161e odlo\u010ditve preverja. Drugo vpra\u0161anje&#8230;<\/p>\n        <\/div><div class=\"ebpg-readmore-btn\">\n            <a href=\"https:\/\/duhovnoizpopolnjevanje.si\/index.php\/2021\/12\/23\/srecanje-alumnov-duhovnega-izpopolnjevanja-v-letu-2021\/\"> Preberi ve\u010d <\/a>\n        <\/div><\/div><\/div><\/div><\/article><article class=\"ebpg-grid-post ebpg-post-grid-column\" data-id=\"58\"><div class=\"ebpg-grid-post-holder\"><div class=\"ebpg-entry-wrapper\"><header class=\"ebpg-entry-header\">\n            <h3 class=\"ebpg-entry-title\">\n                <a class=\"ebpg-grid-post-link\" href=\"https:\/\/duhovnoizpopolnjevanje.si\/index.php\/2020\/12\/23\/srecanje-alumnov-duhovnega-izpopolnjevanja-v-letu-2020\/\" title=\"sreanjealumnovduhovnegaizpopolnjevanjavletu2020\">Sre\u010danje alumnov Duhovnega izpopolnjevanja v letu 2020<\/a>\n            <\/h3>\n        <\/header><div class=\"ebpg-entry-content\"><div class=\"ebpg-grid-post-excerpt\">\n            <p>V decembru nenavadnega, s pandemijo zaznamovanega leta 2020, smo se na povabilo\u00a0p. Ivana Platovnjaka\u00a0zbrali\u00a0alumni programa Duhovno izpopolnjevanje. Sre\u010dali smo se na na\u010din, ki je v teh \u010dasih obi\u010dajen: na daljavo prek aplikacije Zoom. Kljub okoli\u0161\u010dinam je bilo tudi tak\u0161no sre\u010danje zelo dragoceno, vsebinsko bogato in aktualno. Imeli smo namre\u010d prilo\u017enost videti, sli\u0161ati in pozdraviti drug drugega, predvsem pa prisluhniti predavanju\u00a0izr. prof. dr. Romana Globokarja\u00a0o\u00a0povabilu pape\u017ea Fran\u010di\u0161ka k vesoljnemu bratstvu.\n\nPape\u017e Fran\u010di\u0161ek nam je povabilo k bratstvu izrazil prek okro\u017enice \u00bbFratelli tutti\u00ab, ki jo je podpisal oktobra 2020 v Assisiju. Okro\u017enica sodi na podro\u010dje&#8230;<\/p>\n        <\/div><div class=\"ebpg-readmore-btn\">\n            <a href=\"https:\/\/duhovnoizpopolnjevanje.si\/index.php\/2020\/12\/23\/srecanje-alumnov-duhovnega-izpopolnjevanja-v-letu-2020\/\"> Preberi ve\u010d <\/a>\n        <\/div><\/div><\/div><\/div><\/article><article class=\"ebpg-grid-post ebpg-post-grid-column\" data-id=\"61\"><div class=\"ebpg-grid-post-holder\"><div class=\"ebpg-entry-wrapper\"><header class=\"ebpg-entry-header\">\n            <h3 class=\"ebpg-entry-title\">\n                <a class=\"ebpg-grid-post-link\" href=\"https:\/\/duhovnoizpopolnjevanje.si\/index.php\/2019\/12\/23\/tretje-letno-srecanje-udelezencev-duhovnega-izpopolnjevanja-2019\/\" title=\"tretjeletnosreanjeudeleencevduhovnegaizpopolnjevanja2019\">Tretje letno sre\u010danje udele\u017eencev Duhovnega izpopolnjevanja (2019)<\/a>\n            <\/h3>\n        <\/header><div class=\"ebpg-entry-content\"><div class=\"ebpg-grid-post-excerpt\">\n            <p>Letno sre\u010danje slu\u0161ateljev programa Duhovno izpopolnjevanje je potekalo v sredo, 13. novembra 2019. Alumni programa smo se zbrali v avli Teolo\u0161ke fakultete. Veliko veselje je bilo ponovno sre\u010dati so\u0161olke in so\u0161olce, s katerimi smo do\u017eiveli veliko lepega. Vsi (55 nekdanjih in sedanjih slu\u0161ateljev) pa je v nadaljevanju z zanimanjem prisluhnilo navdihujo\u010demu predavanju prof. Maksimiljana Matja\u017ea: Kristus nas je osvobodil, da bi ostali svobodni (Gal 5,1). Pavel \u2013 svobodni oznanjevalec evangelija.\n\n\n\nPo predavanju smo v skupinah razmi\u0161ljali tudi o vpra\u0161anju, na kak\u0161en na\u010din nas apostol Pavel spodbuja k oznanjevanju evangelija v Cerkvi na Slovenskem&#8230;.<\/p>\n        <\/div><div class=\"ebpg-readmore-btn\">\n            <a href=\"https:\/\/duhovnoizpopolnjevanje.si\/index.php\/2019\/12\/23\/tretje-letno-srecanje-udelezencev-duhovnega-izpopolnjevanja-2019\/\"> Preberi ve\u010d <\/a>\n        <\/div><\/div><\/div><\/div><\/article><p class=\"eb-no-posts eb-loadmore-no-post\" style=\"display: none;\">No more posts<\/p>        <\/div>\n    <\/div>\n<\/div>\n","protected":false},"excerpt":{"rendered":"<p>\u0160tudijski program Duhovno izpopolnjevanje se je za\u010del izvajati leta 2010. Od takrat dalje se je vpisalo od 10 do 15 slu\u0161ateljev na leto. Vsi, ki so zaklju\u010dili program, so vklju\u010deni med alumne. Zanje se vsako leto organizira\u00a0 skupno sre\u010danje. Nekateri letniki so se tudi bolj povezali med seboj in se sre\u010dujejo. Kdor \u017eeli, se lahko\u00a0 &hellip; <\/p>\n<p class=\"link-more\"><a href=\"https:\/\/duhovnoizpopolnjevanje.si\/index.php\/alumni\/\" class=\"more-link\">Preberi ve\u010d<span class=\"screen-reader-text\"> &#8220;Alumni&#8221;<\/span><\/a><\/p>\n","protected":false},"author":1,"featured_media":50,"parent":0,"menu_order":0,"comment_status":"closed","ping_status":"closed","template":"","meta":{"_eb_attr":"","footnotes":""},"class_list":["post-37","page","type-page","status-publish","has-post-thumbnail","hentry"],"_links":{"self":[{"href":"https:\/\/duhovnoizpopolnjevanje.si\/index.php\/wp-json\/wp\/v2\/pages\/37","targetHints":{"allow":["GET"]}}],"collection":[{"href":"https:\/\/duhovnoizpopolnjevanje.si\/index.php\/wp-json\/wp\/v2\/pages"}],"about":[{"href":"https:\/\/duhovnoizpopolnjevanje.si\/index.php\/wp-json\/wp\/v2\/types\/page"}],"author":[{"embeddable":true,"href":"https:\/\/duhovnoizpopolnjevanje.si\/index.php\/wp-json\/wp\/v2\/users\/1"}],"replies":[{"embeddable":true,"href":"https:\/\/duhovnoizpopolnjevanje.si\/index.php\/wp-json\/wp\/v2\/comments?post=37"}],"version-history":[{"count":18,"href":"https:\/\/duhovnoizpopolnjevanje.si\/index.php\/wp-json\/wp\/v2\/pages\/37\/revisions"}],"predecessor-version":[{"id":271,"href":"https:\/\/duhovnoizpopolnjevanje.si\/index.php\/wp-json\/wp\/v2\/pages\/37\/revisions\/271"}],"wp:featuredmedia":[{"embeddable":true,"href":"https:\/\/duhovnoizpopolnjevanje.si\/index.php\/wp-json\/wp\/v2\/media\/50"}],"wp:attachment":[{"href":"https:\/\/duhovnoizpopolnjevanje.si\/index.php\/wp-json\/wp\/v2\/media?parent=37"}],"curies":[{"name":"wp","href":"https:\/\/api.w.org\/{rel}","templated":true}]}}