{"id":35,"date":"2023-02-23T10:01:30","date_gmt":"2023-02-23T10:01:30","guid":{"rendered":"https:\/\/duhovnoizpopolnjevanje.si\/?page_id=35"},"modified":"2025-09-26T14:48:13","modified_gmt":"2025-09-26T14:48:13","slug":"vpis","status":"publish","type":"page","link":"https:\/\/duhovnoizpopolnjevanje.si\/index.php\/vpis\/","title":{"rendered":"Vpis"},"content":{"rendered":"\n<p><strong>UL-TEOLO\u0160KA FAKULTETA ZA \u0160TUDIJSKO LETO 2025\/26<\/strong><br><strong>RAZPISUJE<\/strong>&nbsp;<strong>PROGRAM ZA DUHOVNO&nbsp;IZPOPOLNJEVANJE<\/strong><\/p>\n\n\n\n<p>Vpis poteka do 30. 9. 2025<\/p>\n\n\n\n<p>Za vpis na \u0161tudijski program za izpopolnjevanje izobrazbe v \u0161tudijskem letu&nbsp;<strong>2025\/2026<\/strong>&nbsp;je potrebno oddati&nbsp;<strong><a href=\"https:\/\/visteof.uni-lj.si\/razpis_vnos_IDUH.asp\">elektronsko prijavo<\/a>, na <a href=\"https:\/\/visteof.uni-lj.si\/razpis_vnos_IDUH.asp\">spletni strani<\/a> Teolo\u0161ke fakultete UL.<\/strong><\/p>\n\n\n\n<p><strong>Po elektronski prijavi, prijavo za vpis natisnite,\u00a0<\/strong>jo preverite, morebitne napake ro\u010dno\u00a0popravite (poleg ro\u010dnih popravkov se\u00a0<strong>podpi\u0161ite)<\/strong>\u00a0<strong>in jo podpisano skupaj z ostalimi obveznimi overjenimi dokazili<\/strong>,\u00a0<strong>v prijavnem roku najkasneje do 30. 9. 2025 po\u0161ljite\u00a0<\/strong>na naslov:<br>Teolo\u0161ka fakulteta UL<br>Poljanjska c. 4<br>1000 Ljubljana <br>s pripisom: \u00bbPRIJAVA ZA VPIS na IZP program DUHOVNO IZPOPOLNJEVANJE\u00ab.<\/p>\n\n\n\n<p>Program prina\u0161a poglobljeno znanje s podro\u010dja sodobne in svetopisemske duhovnosti, duhovnosti cerkvenih o\u010detov, kr\u0161\u010danskih Cerkva in sodobnih duhovnih gibanj ter s podro\u010dja duhovnosti v bogoslu\u017eju, literaturi, glasbi in filmu. Seznanja z duhovnostjo duhovnikov, posve\u010denih oseb, laikov, samskih in poro\u010denih. Velik del programa je posve\u010den prakti\u010dnemu uvajanju v duhovnost.<br>V \u0161tudijski program so vabljeni vsi, ki \u017eelijo: narediti nekaj ve\u010d za svojo celostno osebnostno in duhovno rast, po\u017eiviti teolo\u0161ko-duhovno znanje in delo z ljudmi, strokovno okrepiti delo pri\u010devanja v veri, odkrivati sr\u010diko nove evangelizacije in pastoralne prenove v Cerkvi na Slovenskem, bolj celostno odgovoriti na pastoralne izzive, postati osebni duhovni spremljevalec in voditelj manj\u0161ih skupin (molitvene, bibli\u010dne, zakonske ipd.), postati usposobljen za vodenje duhovnih programov v okviru \u017eupnije, v domovih duhovnosti in v drugih cerkvenih in kulturno-prosvetnih ustanovah. V program se lahko vpi\u0161ejo diplomanti vi\u0161je\u0161olskih programov, &nbsp;prvo in drugo stopenjskih \u0161tudijev, izvajal pa se bo v Ljubljani.<\/p>\n\n\n\n<p><strong>Trajanje \u0161tudija<br><\/strong>\u0160tudijski program za izpopolnjevanje Duhovno izpopolnjevanje obsega en letnik v trajanju dveh \u0161tudijskih let in obsega 40 kreditnih to\u010dk po ECTS.<\/p>\n\n\n\n<p><strong>\u0160olnina<br><\/strong>\u0160olnina za \u0161tudijsko leto 2025\/2026 je objavljena&nbsp;<a href=\"https:\/\/www.teof.uni-lj.si\/uploads\/CENIK_2020-2021-TEOF%201%20in%202.pdf\">na spletni strani TEOF.<\/a><\/p>\n\n\n\n<p><strong>Vpisni pogoji<\/strong><\/p>\n\n\n\n<p>V \u0161tudijski program za izpopolnjevanje Duhovno izpopolnjevanje se lahko&nbsp;<strong>vpi\u0161ejo diplomanti<\/strong>&nbsp;<strong>prvo ali drugo stopenjskih \u0161tudijskih in vi\u0161je\u0161olskih programov<\/strong>. Slednjim lahko Komisija za \u0161tudijske zadeve UL TEOF dolo\u010di diferencialne izpite.<\/p>\n\n\n\n<p><strong>Prijava<\/strong><br>Kandidati za \u0161tudij&nbsp;<strong>Duhovnega izpopolnjevanja<\/strong>&nbsp;morajo za vpis oddati&nbsp;<strong><a href=\"https:\/\/visteof.uni-lj.si\/razpis_vnos_IDUH.asp\">elektronsko prijavo<\/a><\/strong>&nbsp;na spletni strani Teolo\u0161ke fakultete UL.<\/p>\n\n\n\n<p><strong>Pravilno izpolnjeno prijavo za vpis natisnite,\u00a0<\/strong>jo preverite, morebitne napake ro\u010dno\u00a0popravite (poleg ro\u010dnih popravkov se\u00a0<strong>podpi\u0161ite)<\/strong>\u00a0<strong>in jo podpisano skupaj z ostalimi obveznimi overjenimi dokazili<\/strong>,\u00a0<strong>v prijavnem roku najkasneje do 30. 9. 2025\u00a0<\/strong>po\u0161ljite na zgoraj navedeni naslov Teolo\u0161ke fakultete v Ljubljani.<\/p>\n\n\n\n<p>Priloge:<\/p>\n\n\n\n<ul class=\"wp-block-list\">\n<li><strong>overjena potrdila o izobrazbi (diploma),<\/strong><\/li>\n\n\n\n<li>bibliografijo ter morebitne reference, nagrade \u2026<\/li>\n<\/ul>\n\n\n\n<p><strong>Informativno mesto<\/strong><\/p>\n\n\n\n<p>Referat za izpopolnjevanje, tel.: (01) 232-56-86,&nbsp;<br><a href=\"mailto:referatizp@teof.uni-lj.si\">referatizp@teof.uni-lj.si<\/a>,&nbsp;&nbsp; <br>ter na&nbsp;<a href=\"http:\/\/www.teof.uni-lj.si\/\">http:\/\/www.teof.uni-lj.si<\/a>.<\/p>\n\n\n\n<p><strong>Vpisna mesta<\/strong><\/p>\n\n\n\n<p>Ljubljana 30<\/p>\n\n\n\n<p><strong>Vpis<\/strong><br>Izbrani kandidati bodo pisno povabljeni k vpisu.&nbsp;<strong>Vpis bo izveden do 10. oktobra 2025.<\/strong><\/p>\n","protected":false},"excerpt":{"rendered":"<p>UL-TEOLO\u0160KA FAKULTETA ZA \u0160TUDIJSKO LETO 2025\/26RAZPISUJE&nbsp;PROGRAM ZA DUHOVNO&nbsp;IZPOPOLNJEVANJE Vpis poteka do 30. 9. 2025 Za vpis na \u0161tudijski program za izpopolnjevanje izobrazbe v \u0161tudijskem letu&nbsp;2025\/2026&nbsp;je potrebno oddati&nbsp;elektronsko prijavo, na spletni strani Teolo\u0161ke fakultete UL. Po elektronski prijavi, prijavo za vpis natisnite,\u00a0jo preverite, morebitne napake ro\u010dno\u00a0popravite (poleg ro\u010dnih popravkov se\u00a0podpi\u0161ite)\u00a0in jo podpisano skupaj z ostalimi obveznimi &hellip; <\/p>\n<p class=\"link-more\"><a href=\"https:\/\/duhovnoizpopolnjevanje.si\/index.php\/vpis\/\" class=\"more-link\">Preberi ve\u010d<span class=\"screen-reader-text\"> &#8220;Vpis&#8221;<\/span><\/a><\/p>\n","protected":false},"author":1,"featured_media":254,"parent":0,"menu_order":0,"comment_status":"closed","ping_status":"closed","template":"","meta":{"_eb_attr":"","footnotes":""},"class_list":["post-35","page","type-page","status-publish","has-post-thumbnail","hentry"],"_links":{"self":[{"href":"https:\/\/duhovnoizpopolnjevanje.si\/index.php\/wp-json\/wp\/v2\/pages\/35","targetHints":{"allow":["GET"]}}],"collection":[{"href":"https:\/\/duhovnoizpopolnjevanje.si\/index.php\/wp-json\/wp\/v2\/pages"}],"about":[{"href":"https:\/\/duhovnoizpopolnjevanje.si\/index.php\/wp-json\/wp\/v2\/types\/page"}],"author":[{"embeddable":true,"href":"https:\/\/duhovnoizpopolnjevanje.si\/index.php\/wp-json\/wp\/v2\/users\/1"}],"replies":[{"embeddable":true,"href":"https:\/\/duhovnoizpopolnjevanje.si\/index.php\/wp-json\/wp\/v2\/comments?post=35"}],"version-history":[{"count":12,"href":"https:\/\/duhovnoizpopolnjevanje.si\/index.php\/wp-json\/wp\/v2\/pages\/35\/revisions"}],"predecessor-version":[{"id":388,"href":"https:\/\/duhovnoizpopolnjevanje.si\/index.php\/wp-json\/wp\/v2\/pages\/35\/revisions\/388"}],"wp:featuredmedia":[{"embeddable":true,"href":"https:\/\/duhovnoizpopolnjevanje.si\/index.php\/wp-json\/wp\/v2\/media\/254"}],"wp:attachment":[{"href":"https:\/\/duhovnoizpopolnjevanje.si\/index.php\/wp-json\/wp\/v2\/media?parent=35"}],"curies":[{"name":"wp","href":"https:\/\/api.w.org\/{rel}","templated":true}]}}