{"id":31,"date":"2023-02-23T10:00:57","date_gmt":"2023-02-23T10:00:57","guid":{"rendered":"https:\/\/duhovnoizpopolnjevanje.si\/?page_id=31"},"modified":"2025-08-08T04:19:24","modified_gmt":"2025-08-08T04:19:24","slug":"predmetnik","status":"publish","type":"page","link":"https:\/\/duhovnoizpopolnjevanje.si\/index.php\/predmetnik\/","title":{"rendered":"Predmetnik Duhovnega izpopolnjevanja"},"content":{"rendered":"\n<ul class=\"wp-block-list\">\n<li><a href=\"#predmet1\" data-type=\"internal\" data-id=\"#predmet1\">Posebne teme v duhovnosti dana\u0161njega \u010dasa, 45 ur<\/a><\/li>\n\n\n\n<li><a href=\"#predmet2\" data-type=\"internal\" data-id=\"#predmet2\">Duhovnost v Svetem pismu in cerkvenih o\u010detih, 60 ur<\/a><\/li>\n\n\n\n<li><a href=\"#predmet3\" data-type=\"internal\" data-id=\"#predmet3\">Liturgi\u010dna, prostorska in telesna duhovnost, 60 ur<\/a><\/li>\n\n\n\n<li><a href=\"#predmet4\" data-type=\"internal\" data-id=\"#predmet4\">Duhovna gibanja v zgodovini Cerkve, 30 ur<\/a><\/li>\n\n\n\n<li><a href=\"#predmet5\" data-type=\"internal\" data-id=\"#predmet5\">Glavne teme duhovnosti pravoslavnih in protestantskih cerkva, 30 ur<\/a><\/li>\n\n\n\n<li><a href=\"#predmet6\" data-type=\"internal\" data-id=\"#predmet6\">Duhovnost verstev in sodobnega sveta, 30 ur<\/a><\/li>\n\n\n\n<li><a href=\"#predmet7\" data-type=\"internal\" data-id=\"#predmet7\">Duhovnost duhovnikov, posve\u010denih oseb in kr\u0161\u010danskih laikov, samskih in poro\u010denih, 30 ur<\/a><\/li>\n\n\n\n<li><a href=\"#predmet8\" data-type=\"internal\" data-id=\"#predmet8\">Duhovnost v literaturi, glasbi in filmu, 30 ur<\/a><\/li>\n\n\n\n<li><a href=\"#predmet9\" data-type=\"internal\" data-id=\"#predmet9\">Celostna vzgoja in psiho-duhovna rast, 60 ur<\/a><\/li>\n\n\n\n<li><a href=\"#predmet10\" data-type=\"internal\" data-id=\"#predmet10\">Prakti\u010dno uvajanje v duhovnost, 70 ur<\/a><\/li>\n<\/ul>\n\n\n\n<p id=\"predmet1\"><strong>POSEBNE TEME V DUHOVNOSTI DANA\u0160NJEGA \u010cASA<\/strong>, 45 ur<\/p>\n\n\n\n<p>Predmet daje slu\u0161ateljem mo\u017enost, da se soo\u010dijo z razumevanjem duhovnosti v dana\u0161njem \u010dasu, ko je vedno ve\u010d iskalcev duhovnosti. Spoznavajo razli\u010dne teme na podro\u010dju duhovnosti (npr. duhovno izkustvo, askeza in mistika, molitev, meditacija in kontemplacija, post, duhovni boj, duhovno razlo\u010devanje, odpu\u0161\u010danje in sprava, veselje, duhovnost u\u010den\u010devstva in Bo\u017ejega kraljestva, skupnostna duhovnost, duhovnost vsakdanjega \u017eivljenja, ekonomska, ekolo\u0161ka, politi\u010dna duhovnost ipd.<\/p>\n\n\n\n<p>Izvaja: izr. prof. dr. <a href=\"https:\/\/www.teof.uni-lj.si\/fakulteta\/zaposleni\/profil\/ivan-platovnjak\">Ivan Platovnjak<\/a> DJ<\/p>\n\n\n\n<p id=\"predmet2\"><strong>DUHOVNOST V SVETEM PISMU IN CERKVENIH O\u010cETIH<\/strong>, 60 ur<\/p>\n\n\n\n<p>Sveto pismo je norma kr\u0161\u010danske duhovnosti. Slu\u0161atelji so uvodoma seznanjeni z duhovnostjo Stare zaveze, Postave, s spoznavanjem, poglobljenim branjem in razlago izbranih temeljnih odlomkov iz prazgodovine in zgodovine o\u010dakov (Prva Mojzesova knjiga). Ko razmi\u0161ljamo o duhovnosti v evangeliju, je tu sredi\u0161\u010den lik verovanja in duhovnosti Jezus in mno\u017eica, ki ob njem i\u0161\u010de tola\u017ebo in odgovore. Pri predmetu poleg osnovnih uvodnih vpra\u0161anj preko prebiranje izbranih odlomkov odkrivamo Jezusa in z Njim duhovno spodbudo ta nas, njegove u\u010dence. Predmet daje tudi kratek pregled razvoja duhovnih vsebin v prvih kr\u0161\u010danskih stoletjih.<\/p>\n\n\n\n<p>Izvajajo: doc. dr. <a href=\"https:\/\/www.teof.uni-lj.si\/fakulteta\/zaposleni\/profil\/samo-skralovnik\">Samo Skralovnik<\/a>, doc. dr. <a href=\"https:\/\/www.teof.uni-lj.si\/fakulteta\/zaposleni\/profil\/matjaz-celarc\">Matja\u017e Celarc<\/a> in doc. dr. <a href=\"https:\/\/www.teof.uni-lj.si\/fakulteta\/zaposleni\/profil\/miran-spelic\">Miran \u0160peli\u010d<\/a> OFM<\/p>\n\n\n\n<p id=\"predmet3\"><strong>LITURGI\u010cNA, PROSTORSKA IN TELESNA DUHOVNOST<\/strong>, 60 ur<\/p>\n\n\n\n<p>Za vernega \u010dloveka je liturgija \u00bbprva teologija\u00ab, \u0161ola duhovnega \u017eivljenja ter \u00bbvrhunec in vir\u00ab vsega kr\u0161\u010danskega \u017eivljenja. Zato je veren \u010dlovek vedno tudi \u00bb<em>homo liturgicus<\/em>\u00ab, kjer se telesno in duhovno prepleta tako v duhovnosti kot tudi v umetnosti. Tako nam dr\u017ee, gibi in sakralni prostor ustvarjajo interakcijsko polje fizi\u010dnega in metafizi\u010dnega, umetni\u0161ka forma pa \u00bbvmesnost med l\u00f3gosom in t\u00f3posom\u00ab. Veliko obogatitev ponuja uvajanje v hermenevtiko sakralne umetnosti in razprava o zunanjosti in notranjosti v umetnostnih fenomenih, o razliki med \u00bbgledati in videti\u00ab in o metodah formalne in semanti\u010dne likovne analize.<\/p>\n\n\n\n<p>Izvajajo: prof. dr. <a href=\"https:\/\/www.teof.uni-lj.si\/fakulteta\/zaposleni\/profil\/slavko-krajnc\">Slavko Krajnc<\/a>, prof. dr. <a href=\"https:\/\/www.aluo.uni-lj.si\/sodelavke-sodelavci\/jozef-muhovic\/\">Jo\u017eef Muhovi\u010d<\/a>, doc. dr. <a href=\"https:\/\/www.teof.uni-lj.si\/fakulteta\/zaposleni\/profil\/iva-nezic-glavica\">Iva Ne\u017ei\u010d Glavica<\/a>, as. dr. <a href=\"https:\/\/www.teof.uni-lj.si\/fakulteta\/zaposleni\/profil\/nikolaj-aracki-rosenfeld\">Nikolaj Aracki Rosenfeld<\/a> OCist<\/p>\n\n\n\n<p id=\"predmet4\"><strong>DUHOVNA GIBANJA V ZGODOVINI CERKVE<\/strong>, 30 ur<\/p>\n\n\n\n<p>Predmet nudi pregled duhovnih gibanj, avtorjev in \u0161ol duhovnosti od konca antike do 20. stoletja. \u017deli opozoriti, kako se je \u010dut za stalno Bo\u017ejo navzo\u010dnost razvijal in po\u010dasi \u0161iril prek najpomembnej\u0161ih obdobij kr\u0161\u010danske zgodovine vse do na\u0161ega preizku\u0161anega in obetavnega \u010dasa. Pregled \u017eeli pokazati, kako so ljudje vsakodnevnega \u017eivljenja, ki so imeli izjemno vero in pogum, ustvarjali pogled na \u017eivljenje in svet, ki je presegal pogoje njihove kulture. Gre za predstavitev posameznikov, skupin in gibanj, ki so verjeli, da tih in vztrajen Duh med ljudmi in v njih ho\u010de in deluje, da bi oblikoval \u010dlove\u0161tvo kot celoto v pravo Bo\u017eje ljudstvo, ki bo pravi\u010dno, miroljubno, ljube\u010de in navsezadnje tudi nesmrtno.<\/p>\n\n\n\n<p>Izvaja: doc. dr. <a href=\"https:\/\/www.teof.uni-lj.si\/fakulteta\/zaposleni\/profil\/matjaz-ambrozic\">Matja\u017e Ambro\u017ei\u010d<\/a><\/p>\n\n\n\n<p id=\"predmet5\"><strong>GLAVNE TEME DUHOVNOSTI PRAVOSLAVNIH IN PROTESTANTSKIH CERKVA<\/strong>, 30 ur<\/p>\n\n\n\n<p>Razdeljenost kr\u0161\u010danstva ni prinesla le polemik, sporov in verskih vojn, ampak je bila povod za oblikovanje razli\u010dnih teolo\u0161kih in duhovnih izro\u010dil. Vsa ta izro\u010dila rastejo iz skupne evangeljske dedi\u0161\u010dine, ki je bila druga\u010de sprejeta na kr\u0161\u010danskem vzhodu (bizantinska in pravoslavna duhovnost) in druga\u010de na latinskem zahodu. Tu se je od 16. stoletja dalje oblikovala \u0161e protestantska duhovnost, ki se navdihuje iz na\u010del reformatorjev: poudarja Sveto pismo in ima mo\u010dno socialno noto.<\/p>\n\n\n\n<p>Izvaja: doc. dr. <a href=\"https:\/\/www.teof.uni-lj.si\/fakulteta\/zaposleni\/profil\/simon-malmenvall\">Simon Malmenvall<\/a><\/p>\n\n\n\n<p id=\"predmet6\"><strong>DUHOVNOST VERSTEV IN SODOBNEGA SVETA<\/strong>, 30 ur<\/p>\n\n\n\n<p>Predmet obravnava duhovnosti judovskih, islamskih, hinduisti\u010dnih in budisti\u010dnih tradicij tudi v njihovih sodobnih pojavnih oblikah in analiti\u010dno prika\u017ee spremembe teh duhovnosti zaradi interakcije z evropsko postsekularno kulturo. Ukvarja se tudi z vsebinami in skupinami novodobskih in drugih duhovnosti v evropskem okolju in jih presoja z vidika epistemolo\u0161kih in eti\u010dnih kriterijev. Zadnji del predstavi vzorce informiranja, svetovanja in usmerjanja zainteresiranih za vpra\u0161anja v zvezi z obravnavanimi duhovnostmi.<\/p>\n\n\n\n<p>Izvajajo: izr. prof. dr. <a href=\"https:\/\/www.teof.uni-lj.si\/fakulteta\/zaposleni\/profil\/ivan-platovnjak\">Ivan Platovnjak<\/a> DJ, doc. dr. <a href=\"https:\/\/www.teof.uni-lj.si\/fakulteta\/zaposleni\/profil\/samo-skralovnik\">Samo Skralovnik<\/a> in gostujo\u010di profesorji<\/p>\n\n\n\n<p id=\"predmet7\"><strong>DUHOVNOST DUHOVNIKOV, POSVE\u010cENIH OSEB IN KR\u0160\u010cANSKIH LAIKOV, SAMSKIH IN PORO\u010cENIH<\/strong>, 30 UR<\/p>\n\n\n\n<p>Predmet prika\u017ee identiteto in posebnosti duhovnosti duhovnikov, posve\u010denih oseb in kr\u0161\u010danskih laikov v njihovi razli\u010dni dobi, samskih in poro\u010denih, pa tudi razporo\u010denih, ovdovelih, bolnih, \u017ealujo\u010dih in drugih znotraj kr\u0161\u010danske duhovnosti. Ta se namre\u010d \u017eivi in udejanja na svojstven na\u010din glede na enkratnost vsakega \u010dloveka, njegovega spola, \u017eivljenjske dobe in stanu, zgodb \u017eivljenja, naroda, kulture, poslanstva itd.<\/p>\n\n\n\n<p>Izvajajo: izr. prof. dr. <a href=\"https:\/\/www.teof.uni-lj.si\/fakulteta\/zaposleni\/profil\/ivan-platovnjak\">Ivan Platovnjak<\/a> DJ in gostujo\u010di predavatelji<\/p>\n\n\n\n<p id=\"predmet8\"><strong>DUHOVNOST V LITERATURI, GLASBI IN FILMU<\/strong>, 30 ur<\/p>\n\n\n\n<p>Literatura, glasba in film sodijo med temeljne umetnostne zvrsti in obenem podro\u010dja humanistike. Vsa tri podro\u010dja so avtonomna glede na \u010dutno in duhovno, racionalno in izkustveno iskanje ustreznega razmerja med vsebino in obliko, pri tem pa je literarna umetnost zelo pogosto snovni in idejni, vsebinski in oblikovni vir ali podlaga glasbene in filmske ustvarjalnosti ter prek literarnega besedila z obema tesno prepletena. Literatura in glasba \u017ee od nekdaj sestavljata osnovna stebra duhovnosti v judovstvu in kr\u0161\u010danstvu, zato v pragmati\u010dni sodobni dru\u017ebi predstavljata nepogre\u0161ljivo in tudi najbolj stvarno prilo\u017enost za prebujanje duha na osebni in dru\u017ebeni ravni.<\/p>\n\n\n\n<p>Izvaja: prof. ddr. <a href=\"https:\/\/www.teof.uni-lj.si\/fakulteta\/zaposleni\/profil\/irena-avsenik-nabergoj\">Irena Avsenik Nabergoj<\/a><\/p>\n\n\n\n<p id=\"predmet9\"><strong>CELOSTNA VZGOJA IN PSIHO-DUHOVNA RAST<\/strong>, 60 UR<\/p>\n\n\n\n<p>Predmet prika\u017ee temeljna psiholo\u0161ka in duhovna izhodi\u0161\u010da za razumevanje odraslega \u010dloveka in psiho-duhovne dinamike razvoja \u010dloveka v razli\u010dnih situacijah \u017eivljenja. Ovrednoti njegove naravnanosti na Boga, v katerih se lahko pooseblja in postaja bolj \u010dlovek in bolj Bo\u017eji ter sposoben poosebljati dru\u017ebo in celotno stvarstvo. Predmet odkriva osnove duhovnega spremljanja, njegovo bistvo in cilje, vlogo Boga, spremljevalca in spremljanca, na\u010din izvajanja idr. V prakti\u010dnih vaja udele\u017eenci odkrivajo svoj dar spremljanja in razvijajo potrebne lastnosti duhovnega spremljevalca, predvsem spo\u0161tljivo sprejemanje ljudi v Kristusovem Duhu ter globokega in celostnega poslu\u0161anja v Njem.<\/p>\n\n\n\n<p>Izvajajo: izr. prof. dr. <a href=\"https:\/\/www.teof.uni-lj.si\/fakulteta\/zaposleni\/profil\/ivan-platovnjak\">Ivan Platovnjak<\/a> DJ, doc. dr. <a href=\"https:\/\/www.teof.uni-lj.si\/fakulteta\/zaposleni\/profil\/iva-nezic-glavica\">Iva Ne\u017ei\u010d Glavica<\/a>, prof. dr. <a href=\"https:\/\/sl.wikipedia.org\/wiki\/Stanko_Gerjolj\">Stanko Gerjolj<\/a><\/p>\n\n\n\n<p id=\"predmet10\"><strong>PRAKTI\u010cNO UVAJANJE V DUHOVNOST<\/strong>, 70 UR<\/p>\n\n\n\n<p>Predmet omogo\u010da teoreti\u010dno in prakti\u010dno izkustveno spoznavanje in uvajanje v razli\u010dne na\u010dine molitev, meditacij in kontemplacij (ob Svetem pismu, sliki, simbolih, glasbi, literaturi, v naravi), molitve s telesom ter z razli\u010dnimi du\u0161evnimi in duhovnimi sposobnostmi (z razumom, spominom, domi\u0161ljijo, molkom, pozornostjo, s srcem \u2026). Odkriva razli\u010dne oblike duhovnih obnov in vaj ter metod uvajanj v duhovno izkustveno \u017eivljenje in poglabljanja osebnega in skupnostnega duhovnega \u017eivljenja. Vsa ta izkustva bodo udele\u017eencem omogo\u010dila, da se bodo preko njih tudi sami prakti\u010dno usposobili za uvajanje v razli\u010dna duhovna izkustva tako posameznikov kot skupin.<\/p>\n\n\n\n<p>Izvajajo: izr. prof. dr. <a href=\"https:\/\/www.teof.uni-lj.si\/fakulteta\/zaposleni\/profil\/ivan-platovnjak\">Ivan Platovnjak<\/a> DJ in gostujo\u010di predavatelji<\/p>\n","protected":false},"excerpt":{"rendered":"<p>POSEBNE TEME V DUHOVNOSTI DANA\u0160NJEGA \u010cASA, 45 ur Predmet daje slu\u0161ateljem mo\u017enost, da se soo\u010dijo z razumevanjem duhovnosti v dana\u0161njem \u010dasu, ko je vedno ve\u010d iskalcev duhovnosti. Spoznavajo razli\u010dne teme na podro\u010dju duhovnosti (npr. duhovno izkustvo, askeza in mistika, molitev, meditacija in kontemplacija, post, duhovni boj, duhovno razlo\u010devanje, odpu\u0161\u010danje in sprava, veselje, duhovnost u\u010den\u010devstva in &hellip; <\/p>\n<p class=\"link-more\"><a href=\"https:\/\/duhovnoizpopolnjevanje.si\/index.php\/predmetnik\/\" class=\"more-link\">Preberi ve\u010d<span class=\"screen-reader-text\"> &#8220;Predmetnik Duhovnega izpopolnjevanja&#8221;<\/span><\/a><\/p>\n","protected":false},"author":1,"featured_media":103,"parent":0,"menu_order":0,"comment_status":"closed","ping_status":"closed","template":"","meta":{"_eb_attr":"","footnotes":""},"class_list":["post-31","page","type-page","status-publish","has-post-thumbnail","hentry"],"_links":{"self":[{"href":"https:\/\/duhovnoizpopolnjevanje.si\/index.php\/wp-json\/wp\/v2\/pages\/31","targetHints":{"allow":["GET"]}}],"collection":[{"href":"https:\/\/duhovnoizpopolnjevanje.si\/index.php\/wp-json\/wp\/v2\/pages"}],"about":[{"href":"https:\/\/duhovnoizpopolnjevanje.si\/index.php\/wp-json\/wp\/v2\/types\/page"}],"author":[{"embeddable":true,"href":"https:\/\/duhovnoizpopolnjevanje.si\/index.php\/wp-json\/wp\/v2\/users\/1"}],"replies":[{"embeddable":true,"href":"https:\/\/duhovnoizpopolnjevanje.si\/index.php\/wp-json\/wp\/v2\/comments?post=31"}],"version-history":[{"count":15,"href":"https:\/\/duhovnoizpopolnjevanje.si\/index.php\/wp-json\/wp\/v2\/pages\/31\/revisions"}],"predecessor-version":[{"id":386,"href":"https:\/\/duhovnoizpopolnjevanje.si\/index.php\/wp-json\/wp\/v2\/pages\/31\/revisions\/386"}],"wp:featuredmedia":[{"embeddable":true,"href":"https:\/\/duhovnoizpopolnjevanje.si\/index.php\/wp-json\/wp\/v2\/media\/103"}],"wp:attachment":[{"href":"https:\/\/duhovnoizpopolnjevanje.si\/index.php\/wp-json\/wp\/v2\/media?parent=31"}],"curies":[{"name":"wp","href":"https:\/\/api.w.org\/{rel}","templated":true}]}}