{"id":29,"date":"2023-02-23T10:00:27","date_gmt":"2023-02-23T10:00:27","guid":{"rendered":"https:\/\/duhovnoizpopolnjevanje.si\/?page_id=29"},"modified":"2023-07-06T09:57:35","modified_gmt":"2023-07-06T09:57:35","slug":"o-studijskem-programu","status":"publish","type":"page","link":"https:\/\/duhovnoizpopolnjevanje.si\/","title":{"rendered":"O \u0161tudijskem programu"},"content":{"rendered":"\n<h3 class=\"wp-block-heading\" id=\"komu-je-studij-namenjen\">Komu je \u0161tudij namenjen?<\/h3>\n\n\n\n<p>\u0160tudijski program Duhovno izpopolnjevanje na UL TEOF je <strong>namenjen vsem iskalkam\/iskalcem<\/strong> <strong>duhovnosti<\/strong>, ki \u017eelijo celostno osebnostno in duhovno zoreti, odkrivati, spoznavati in se poglabljati v duhovno \u017eivljenje. <\/p>\n\n\n\n<p>V \u0161tudijski program so <strong>vabljeni&nbsp;vsi, ki \u017eelijo<\/strong>: osebnostno in duhovno rasti, po\u017eiviti teolo\u0161ko-duhovno izkustveno znanje in delo z ljudmi, strokovno okrepiti delo pri\u010devanja v veri, odkrivati sr\u010diko nove evangelizacije in pastoralne prenove v Cerkvi na Slovenskem, bolj celostno odgovoriti na pastoralne izzive, postajati osebni duhovni spremljevalec in voditelj manj\u0161ih skupin (molitvene, bibli\u010dne, zakonske, bolnih, \u017ealujo\u010dih ipd.), postajati usposobljen za vodenje duhovnih programov v okviru \u017eupnije, v domovih duhovnosti in v drugih cerkvenih in kulturno-prosvetnih ustanovah.<\/p>\n\n\n\n<p>V njem najdejo svoje mesto vsi, ki v svojih skupnostih opravljajo razli\u010dna poslanstva, <strong>tako laiki kot tudi duhovniki, redovniki in redovnice<\/strong>, voditelji razli\u010dnih skupin, duhovni spremljevalci, katehisti in \u017eupnijski sodelavci. <strong>Pomaga jim razvijati<\/strong> notranjo duhovno pro\u017enost (rezilienco) in <strong>jih usposobi<\/strong> za \u017eivljenje v skladu s svojo poklicanostjo.<\/p>\n","protected":false},"excerpt":{"rendered":"<p>Komu je \u0161tudij namenjen? \u0160tudijski program Duhovno izpopolnjevanje na UL TEOF je namenjen vsem iskalkam\/iskalcem duhovnosti, ki \u017eelijo celostno osebnostno in duhovno zoreti, odkrivati, spoznavati in se poglabljati v duhovno \u017eivljenje. V \u0161tudijski program so vabljeni&nbsp;vsi, ki \u017eelijo: osebnostno in duhovno rasti, po\u017eiviti teolo\u0161ko-duhovno izkustveno znanje in delo z ljudmi, strokovno okrepiti delo pri\u010devanja v &hellip; <\/p>\n<p class=\"link-more\"><a href=\"https:\/\/duhovnoizpopolnjevanje.si\/\" class=\"more-link\">Preberi ve\u010d<span class=\"screen-reader-text\"> &#8220;O \u0161tudijskem programu&#8221;<\/span><\/a><\/p>\n","protected":false},"author":1,"featured_media":279,"parent":0,"menu_order":0,"comment_status":"closed","ping_status":"closed","template":"","meta":{"_eb_attr":"","footnotes":""},"class_list":["post-29","page","type-page","status-publish","has-post-thumbnail","hentry"],"_links":{"self":[{"href":"https:\/\/duhovnoizpopolnjevanje.si\/index.php\/wp-json\/wp\/v2\/pages\/29","targetHints":{"allow":["GET"]}}],"collection":[{"href":"https:\/\/duhovnoizpopolnjevanje.si\/index.php\/wp-json\/wp\/v2\/pages"}],"about":[{"href":"https:\/\/duhovnoizpopolnjevanje.si\/index.php\/wp-json\/wp\/v2\/types\/page"}],"author":[{"embeddable":true,"href":"https:\/\/duhovnoizpopolnjevanje.si\/index.php\/wp-json\/wp\/v2\/users\/1"}],"replies":[{"embeddable":true,"href":"https:\/\/duhovnoizpopolnjevanje.si\/index.php\/wp-json\/wp\/v2\/comments?post=29"}],"version-history":[{"count":7,"href":"https:\/\/duhovnoizpopolnjevanje.si\/index.php\/wp-json\/wp\/v2\/pages\/29\/revisions"}],"predecessor-version":[{"id":289,"href":"https:\/\/duhovnoizpopolnjevanje.si\/index.php\/wp-json\/wp\/v2\/pages\/29\/revisions\/289"}],"wp:featuredmedia":[{"embeddable":true,"href":"https:\/\/duhovnoizpopolnjevanje.si\/index.php\/wp-json\/wp\/v2\/media\/279"}],"wp:attachment":[{"href":"https:\/\/duhovnoizpopolnjevanje.si\/index.php\/wp-json\/wp\/v2\/media?parent=29"}],"curies":[{"name":"wp","href":"https:\/\/api.w.org\/{rel}","templated":true}]}}