{"id":235,"date":"2023-02-24T17:53:24","date_gmt":"2023-02-24T17:53:24","guid":{"rendered":"https:\/\/duhovnoizpopolnjevanje.si\/?page_id=235"},"modified":"2024-07-12T06:47:38","modified_gmt":"2024-07-12T06:47:38","slug":"video-predstavitve","status":"publish","type":"page","link":"https:\/\/duhovnoizpopolnjevanje.si\/index.php\/video-predstavitve\/","title":{"rendered":"Video predstavitve"},"content":{"rendered":"\n<p>Vabimo vas, da si ogledate, kaj so o samem programu povedali voditelj in udele\u017eenci:<\/p>\n\n\n\n<p>dr. Ivan Platovnjak, koordinator programa in predavatelj<\/p>\n\n\n\n<figure class=\"wp-block-embed is-type-video is-provider-youtube wp-block-embed-youtube wp-embed-aspect-16-9 wp-has-aspect-ratio\"><div class=\"wp-block-embed__wrapper\">\n<iframe loading=\"lazy\" title=\"Ivan\" width=\"525\" height=\"295\" src=\"https:\/\/www.youtube.com\/embed\/kjMLKkzRaLU?feature=oembed\" frameborder=\"0\" allow=\"accelerometer; autoplay; clipboard-write; encrypted-media; gyroscope; picture-in-picture; web-share\" referrerpolicy=\"strict-origin-when-cross-origin\" allowfullscreen><\/iframe>\n<\/div><\/figure>\n\n\n\n<p>Dober dan dobri ljudje: \u0160tudij iz \u017eivljenja za \u017eivljenje<\/p>\n\n\n\n<figure class=\"wp-block-embed is-type-video is-provider-youtube wp-block-embed-youtube wp-embed-aspect-16-9 wp-has-aspect-ratio\"><div class=\"wp-block-embed__wrapper\">\n<iframe loading=\"lazy\" title=\"Dober dan dobri ljudje: \u0160tudij iz \u017eivljenja za \u017eivljenje\" width=\"525\" height=\"295\" src=\"https:\/\/www.youtube.com\/embed\/BLn0Lee-94w?feature=oembed\" frameborder=\"0\" allow=\"accelerometer; autoplay; clipboard-write; encrypted-media; gyroscope; picture-in-picture; web-share\" referrerpolicy=\"strict-origin-when-cross-origin\" allowfullscreen><\/iframe>\n<\/div><\/figure>\n\n\n\n<p>Stanka in Mirko Nidorfer, slu\u0161atelja<\/p>\n\n\n\n<figure class=\"wp-block-embed is-type-video is-provider-youtube wp-block-embed-youtube wp-embed-aspect-16-9 wp-has-aspect-ratio\"><div class=\"wp-block-embed__wrapper\">\n<iframe loading=\"lazy\" title=\"Stanka in Mirko\" width=\"525\" height=\"295\" src=\"https:\/\/www.youtube.com\/embed\/BR3Dvtdx3DQ?feature=oembed\" frameborder=\"0\" allow=\"accelerometer; autoplay; clipboard-write; encrypted-media; gyroscope; picture-in-picture; web-share\" referrerpolicy=\"strict-origin-when-cross-origin\" allowfullscreen><\/iframe>\n<\/div><\/figure>\n\n\n\n<p>Lidija Kociper, slu\u0161ateljica<\/p>\n\n\n\n<figure class=\"wp-block-embed is-type-video is-provider-youtube wp-block-embed-youtube wp-embed-aspect-16-9 wp-has-aspect-ratio\"><div class=\"wp-block-embed__wrapper\">\n<iframe loading=\"lazy\" title=\"Lidija Kociper\" width=\"525\" height=\"295\" src=\"https:\/\/www.youtube.com\/embed\/w-gABEyhbTY?feature=oembed\" frameborder=\"0\" allow=\"accelerometer; autoplay; clipboard-write; encrypted-media; gyroscope; picture-in-picture; web-share\" referrerpolicy=\"strict-origin-when-cross-origin\" allowfullscreen><\/iframe>\n<\/div><\/figure>\n\n\n\n<p>Jo\u017ee Kociper, slu\u0161atelj<\/p>\n\n\n\n<figure class=\"wp-block-embed is-type-video is-provider-youtube wp-block-embed-youtube wp-embed-aspect-16-9 wp-has-aspect-ratio\"><div class=\"wp-block-embed__wrapper\">\n<iframe loading=\"lazy\" title=\"Jo\u017ee Kociper\" width=\"525\" height=\"295\" src=\"https:\/\/www.youtube.com\/embed\/SSrX4pMZE8Y?feature=oembed\" frameborder=\"0\" allow=\"accelerometer; autoplay; clipboard-write; encrypted-media; gyroscope; picture-in-picture; web-share\" referrerpolicy=\"strict-origin-when-cross-origin\" allowfullscreen><\/iframe>\n<\/div><\/figure>\n\n\n\n<p>Alenka Lu\u010dka \u010certanec, slu\u0161ateljica<\/p>\n\n\n\n<figure class=\"wp-block-embed is-type-video is-provider-youtube wp-block-embed-youtube wp-embed-aspect-16-9 wp-has-aspect-ratio\"><div class=\"wp-block-embed__wrapper\">\n<iframe loading=\"lazy\" title=\"Alenka\" width=\"525\" height=\"295\" src=\"https:\/\/www.youtube.com\/embed\/K1IzvA9N4S8?feature=oembed\" frameborder=\"0\" allow=\"accelerometer; autoplay; clipboard-write; encrypted-media; gyroscope; picture-in-picture; web-share\" referrerpolicy=\"strict-origin-when-cross-origin\" allowfullscreen><\/iframe>\n<\/div><\/figure>\n\n\n\n<p>Anamarija Jare, slu\u0161ateljica<\/p>\n\n\n\n<figure class=\"wp-block-embed is-type-video is-provider-youtube wp-block-embed-youtube wp-embed-aspect-16-9 wp-has-aspect-ratio\"><div class=\"wp-block-embed__wrapper\">\n<iframe loading=\"lazy\" title=\"Anamarija\" width=\"525\" height=\"295\" src=\"https:\/\/www.youtube.com\/embed\/v5U7rnxJbkk?feature=oembed\" frameborder=\"0\" allow=\"accelerometer; autoplay; clipboard-write; encrypted-media; gyroscope; picture-in-picture; web-share\" referrerpolicy=\"strict-origin-when-cross-origin\" allowfullscreen><\/iframe>\n<\/div><\/figure>\n\n\n\n<p>Gregor Lu\u0161trek, slu\u0161atelj<\/p>\n\n\n\n<figure class=\"wp-block-embed is-type-video is-provider-youtube wp-block-embed-youtube wp-embed-aspect-16-9 wp-has-aspect-ratio\"><div class=\"wp-block-embed__wrapper\">\n<iframe loading=\"lazy\" title=\"Gregor\" width=\"525\" height=\"295\" src=\"https:\/\/www.youtube.com\/embed\/HVMSR_QhGXU?feature=oembed\" frameborder=\"0\" allow=\"accelerometer; autoplay; clipboard-write; encrypted-media; gyroscope; picture-in-picture; web-share\" referrerpolicy=\"strict-origin-when-cross-origin\" allowfullscreen><\/iframe>\n<\/div><\/figure>\n\n\n\n<p>Janez Zava\u0161nik, slu\u0161atelj<\/p>\n\n\n\n<figure class=\"wp-block-embed is-type-video is-provider-youtube wp-block-embed-youtube wp-embed-aspect-16-9 wp-has-aspect-ratio\"><div class=\"wp-block-embed__wrapper\">\n<iframe loading=\"lazy\" title=\"Janez\" width=\"525\" height=\"295\" src=\"https:\/\/www.youtube.com\/embed\/wG3L0MxcO4g?feature=oembed\" frameborder=\"0\" allow=\"accelerometer; autoplay; clipboard-write; encrypted-media; gyroscope; picture-in-picture; web-share\" referrerpolicy=\"strict-origin-when-cross-origin\" allowfullscreen><\/iframe>\n<\/div><\/figure>\n\n\n\n<p>Renata Strmole, slu\u0161ateljica<\/p>\n\n\n\n<figure class=\"wp-block-embed is-type-video is-provider-youtube wp-block-embed-youtube wp-embed-aspect-16-9 wp-has-aspect-ratio\"><div class=\"wp-block-embed__wrapper\">\n<iframe loading=\"lazy\" title=\"Renata\" width=\"525\" height=\"295\" src=\"https:\/\/www.youtube.com\/embed\/24WJ5K1J0eg?feature=oembed\" frameborder=\"0\" allow=\"accelerometer; autoplay; clipboard-write; encrypted-media; gyroscope; picture-in-picture; web-share\" referrerpolicy=\"strict-origin-when-cross-origin\" allowfullscreen><\/iframe>\n<\/div><\/figure>\n\n\n\n<p>Sebastjan Martin\u010di\u010d, slu\u0161atelj<\/p>\n\n\n\n<figure class=\"wp-block-embed is-type-video is-provider-youtube wp-block-embed-youtube wp-embed-aspect-16-9 wp-has-aspect-ratio\"><div class=\"wp-block-embed__wrapper\">\n<iframe loading=\"lazy\" title=\"Sebastijan\" width=\"525\" height=\"295\" src=\"https:\/\/www.youtube.com\/embed\/H5k-_sMbR04?feature=oembed\" frameborder=\"0\" allow=\"accelerometer; autoplay; clipboard-write; encrypted-media; gyroscope; picture-in-picture; web-share\" referrerpolicy=\"strict-origin-when-cross-origin\" allowfullscreen><\/iframe>\n<\/div><\/figure>\n\n\n\n<p>Silva Matos, slu\u0161ateljica<\/p>\n\n\n\n<figure class=\"wp-block-embed is-type-video is-provider-youtube wp-block-embed-youtube wp-embed-aspect-16-9 wp-has-aspect-ratio\"><div class=\"wp-block-embed__wrapper\">\n<iframe loading=\"lazy\" title=\"Silvija\" width=\"525\" height=\"295\" src=\"https:\/\/www.youtube.com\/embed\/ivD9b8442uA?feature=oembed\" frameborder=\"0\" allow=\"accelerometer; autoplay; clipboard-write; encrypted-media; gyroscope; picture-in-picture; web-share\" referrerpolicy=\"strict-origin-when-cross-origin\" allowfullscreen><\/iframe>\n<\/div><\/figure>\n\n\n\n<p>Janez \u017derovnik, kaplan \u017eupnije Cerknica<\/p>\n\n\n\n<figure class=\"wp-block-embed is-type-rich is-provider-ro-nik-za-vdelave wp-block-embed-ro-nik-za-vdelave wp-embed-aspect-16-9 wp-has-aspect-ratio\"><div class=\"wp-block-embed__wrapper\">\n<iframe loading=\"lazy\" title=\"Duhovno izpopolnjevanje\" width=\"525\" height=\"295\" src=\"https:\/\/www.youtube.com\/embed\/qExPvaClaFw?feature=oembed\" frameborder=\"0\" allow=\"accelerometer; autoplay; clipboard-write; encrypted-media; gyroscope; picture-in-picture; web-share\" referrerpolicy=\"strict-origin-when-cross-origin\" allowfullscreen><\/iframe>\n<\/div><\/figure>\n\n\n\n<p>Bla\u017e Knez, alumen<\/p>\n\n\n\n<figure class=\"wp-block-embed is-type-rich is-provider-ro-nik-za-vdelave wp-block-embed-ro-nik-za-vdelave wp-embed-aspect-16-9 wp-has-aspect-ratio\"><div class=\"wp-block-embed__wrapper\">\n<iframe loading=\"lazy\" title=\"Duhovno izpopolnjevanje na UL TEOF (alumen Bla\u017e Knez)\" width=\"525\" height=\"295\" src=\"https:\/\/www.youtube.com\/embed\/0nWxa4XLHk4?feature=oembed\" frameborder=\"0\" allow=\"accelerometer; autoplay; clipboard-write; encrypted-media; gyroscope; picture-in-picture; web-share\" referrerpolicy=\"strict-origin-when-cross-origin\" allowfullscreen><\/iframe>\n<\/div><\/figure>\n\n\n\n<p>Barbara Fritz Marzi, slu\u0161ateljica<\/p>\n\n\n\n<figure class=\"wp-block-embed is-type-rich is-provider-ro-nik-za-vdelave wp-block-embed-ro-nik-za-vdelave wp-embed-aspect-16-9 wp-has-aspect-ratio\"><div class=\"wp-block-embed__wrapper\">\n<iframe loading=\"lazy\" title=\"Duhovno izpopolnjevanje na UL TEOF (slu\u0161ateljica Barbara Fritz Marzi)\" width=\"525\" height=\"295\" src=\"https:\/\/www.youtube.com\/embed\/uKmSzeJRwDs?feature=oembed\" frameborder=\"0\" allow=\"accelerometer; autoplay; clipboard-write; encrypted-media; gyroscope; picture-in-picture; web-share\" referrerpolicy=\"strict-origin-when-cross-origin\" allowfullscreen><\/iframe>\n<\/div><\/figure>\n\n\n\n<p> s. Emanuela \u017derdin, alumna<\/p>\n\n\n\n<figure class=\"wp-block-embed is-type-rich is-provider-ro-nik-za-vdelave wp-block-embed-ro-nik-za-vdelave wp-embed-aspect-16-9 wp-has-aspect-ratio\"><div class=\"wp-block-embed__wrapper\">\n<iframe loading=\"lazy\" title=\"Duhovno izpopolnjevanje na UL TEOF (alumna s. Emanuela \u017derdin)\" width=\"525\" height=\"295\" src=\"https:\/\/www.youtube.com\/embed\/UAFpzmncGtA?feature=oembed\" frameborder=\"0\" allow=\"accelerometer; autoplay; clipboard-write; encrypted-media; gyroscope; picture-in-picture; web-share\" referrerpolicy=\"strict-origin-when-cross-origin\" allowfullscreen><\/iframe>\n<\/div><\/figure>\n\n\n\n<p>\u0160pela Kink, slu\u0161ateljica<\/p>\n\n\n\n<figure class=\"wp-block-embed is-type-rich is-provider-ro-nik-za-vdelave wp-block-embed-ro-nik-za-vdelave wp-embed-aspect-16-9 wp-has-aspect-ratio\"><div class=\"wp-block-embed__wrapper\">\n<iframe loading=\"lazy\" title=\"Duhovno izpopolnjevanje na UL TEOF (slu\u0161ateljica \u0160pela Kink)\" width=\"525\" height=\"295\" src=\"https:\/\/www.youtube.com\/embed\/PWtTb5NtbXs?feature=oembed\" frameborder=\"0\" allow=\"accelerometer; autoplay; clipboard-write; encrypted-media; gyroscope; picture-in-picture; web-share\" referrerpolicy=\"strict-origin-when-cross-origin\" allowfullscreen><\/iframe>\n<\/div><\/figure>\n\n\n\n<p>\u25ba&nbsp;<a href=\"https:\/\/www.facebook.com\/duhovnoizpopolnjevanje\/videos\/702862053410729\/\" target=\"_blank\" rel=\"noreferrer noopener\">POGOVOR O PROGRAMU DUHOVNO IZPOPOLNJEVANJE<\/a><\/p>\n\n\n\n<p>\u25ba&nbsp;<a href=\"http:\/\/audio.ognjisce.si\/p\/?omp=\/json\/?f=\/oddaje\/Petkov_vecer\/2017\/pv_2017_08_04_duhovno_izpolnjevanje.mp3\">Ognji\u0161\u010de \/ Petkov ve\u010der \/ 2017 08 04<\/a><\/p>\n","protected":false},"excerpt":{"rendered":"<p>Vabimo vas, da si ogledate, kaj so o samem programu povedali voditelj in udele\u017eenci: dr. Ivan Platovnjak, koordinator programa in predavatelj Dober dan dobri ljudje: \u0160tudij iz \u017eivljenja za \u017eivljenje Stanka in Mirko Nidorfer, slu\u0161atelja Lidija Kociper, slu\u0161ateljica Jo\u017ee Kociper, slu\u0161atelj Alenka Lu\u010dka \u010certanec, slu\u0161ateljica Anamarija Jare, slu\u0161ateljica Gregor Lu\u0161trek, slu\u0161atelj Janez Zava\u0161nik, slu\u0161atelj Renata &hellip; <\/p>\n<p class=\"link-more\"><a href=\"https:\/\/duhovnoizpopolnjevanje.si\/index.php\/video-predstavitve\/\" class=\"more-link\">Preberi ve\u010d<span class=\"screen-reader-text\"> &#8220;Video predstavitve&#8221;<\/span><\/a><\/p>\n","protected":false},"author":1,"featured_media":0,"parent":0,"menu_order":0,"comment_status":"closed","ping_status":"closed","template":"","meta":{"_eb_attr":"","footnotes":""},"class_list":["post-235","page","type-page","status-publish","hentry"],"_links":{"self":[{"href":"https:\/\/duhovnoizpopolnjevanje.si\/index.php\/wp-json\/wp\/v2\/pages\/235","targetHints":{"allow":["GET"]}}],"collection":[{"href":"https:\/\/duhovnoizpopolnjevanje.si\/index.php\/wp-json\/wp\/v2\/pages"}],"about":[{"href":"https:\/\/duhovnoizpopolnjevanje.si\/index.php\/wp-json\/wp\/v2\/types\/page"}],"author":[{"embeddable":true,"href":"https:\/\/duhovnoizpopolnjevanje.si\/index.php\/wp-json\/wp\/v2\/users\/1"}],"replies":[{"embeddable":true,"href":"https:\/\/duhovnoizpopolnjevanje.si\/index.php\/wp-json\/wp\/v2\/comments?post=235"}],"version-history":[{"count":7,"href":"https:\/\/duhovnoizpopolnjevanje.si\/index.php\/wp-json\/wp\/v2\/pages\/235\/revisions"}],"predecessor-version":[{"id":359,"href":"https:\/\/duhovnoizpopolnjevanje.si\/index.php\/wp-json\/wp\/v2\/pages\/235\/revisions\/359"}],"wp:attachment":[{"href":"https:\/\/duhovnoizpopolnjevanje.si\/index.php\/wp-json\/wp\/v2\/media?parent=235"}],"curies":[{"name":"wp","href":"https:\/\/api.w.org\/{rel}","templated":true}]}}